{"id":2775,"date":"2023-03-31T03:40:13","date_gmt":"2023-03-31T03:40:13","guid":{"rendered":"https:\/\/neweic.com\/?post_type=product&#038;p=2775"},"modified":"2024-02-19T02:13:01","modified_gmt":"2024-02-19T02:13:01","slug":"new-uln2803a-uln2803apg-darlington-transistor-plug-dip18-ic-chip-transistor-bipolar-transistor-bjt-array-2","status":"publish","type":"product","link":"https:\/\/neweic.com\/index.php\/product\/new-uln2803a-uln2803apg-darlington-transistor-plug-dip18-ic-chip-transistor-bipolar-transistor-bjt-array-2\/","title":{"rendered":"TOSHIBA ULN2803A ULN2803APG Darlington transistor plug DIP18 IC chip Transistor &#8211; Bipolar transistor (BJT) &#8211; array"},"content":{"rendered":"<div class=\"J_module\">\n<div class=\"ife-detail-decorate-table\">\n<table class=\"all magic-0\">\n<tbody>\n<tr>\n<td colspan=\"1\" rowspan=\"1\">\n<div class=\"magic-1\"><b><span style=\"vertical-align: inherit;\"><span style=\"vertical-align: inherit;\">Categor\u00eda<\/span><\/span><\/b><\/div>\n<\/td>\n<td colspan=\"1\" rowspan=\"1\">\n<div class=\"magic-2\"><span style=\"vertical-align: inherit;\"><span style=\"vertical-align: inherit;\">circuito integrado<\/span><\/span><\/div>\n<\/td>\n<\/tr>\n<tr>\n<td colspan=\"1\" rowspan=\"1\">\n<div class=\"magic-1\"><b data-spm-anchor-id=\"a2700.custom-template.0.i2.502c33331pN6LT\"><span style=\"vertical-align: inherit;\"><span style=\"vertical-align: inherit;\">Estado del producto<\/span><\/span><\/b><\/div>\n<\/td>\n<td colspan=\"1\" rowspan=\"1\">\n<div class=\"magic-2\"><span style=\"vertical-align: inherit;\"><span style=\"vertical-align: inherit;\">En venta<\/span><\/span><\/div>\n<\/td>\n<\/tr>\n<tr>\n<td colspan=\"1\" rowspan=\"1\">\n<div class=\"magic-1\"><b data-spm-anchor-id=\"0.0.0.i21.23074f05JVuRnv\"><span style=\"vertical-align: inherit;\"><span style=\"vertical-align: inherit;\">Tipo de instalaci\u00f3n<\/span><\/span><\/b><\/div>\n<\/td>\n<td colspan=\"1\" rowspan=\"1\">\n<div class=\"magic-2\"><span style=\"vertical-align: inherit;\"><span style=\"vertical-align: inherit;\">Tipo de montaje en superficie<\/span><\/span><\/div>\n<\/td>\n<\/tr>\n<\/tbody>\n<\/table>\n<\/div>\n<\/div>\n<div class=\"J_module\">\n<div class=\"icbu-pc-images magic-3\">\n<div class=\"flex-layout-v\">\n<div class=\"flex-layout-h magic-3\"><\/div>\n<\/div>\n<\/div>\n<\/div>\n<div class=\"J_module\">\n<div class=\"icbu-pc-images magic-3\">\n<div class=\"flex-layout-h\">\n<div class=\"text-wrapper magic-9\">\n<div class=\"text-wrapper-right text-theme-light text-align-left\">\n<div class=\"text-title\">\n<p class=\"magic-12\" data-group=\"1-1\"><span style=\"vertical-align: inherit;\"><span style=\"vertical-align: inherit;\">HongKong niuyi Co Ltd. es un proveedor a gran escala que se especializa en la distribuci\u00f3n de circuitos integrados electr\u00f3nicos y componentes de circuitos integrados producidos por fabricantes de renombre en todo el mundo.<\/span><\/span><\/p>\n<\/div>\n<div class=\"text-content\">\n<div class=\"magic-15\"><span style=\"vertical-align: inherit;\"><span style=\"vertical-align: inherit;\">Actividad principal: convertidores industriales, civiles, de comunicaciones, inform\u00e1ticos, de datos anal\u00f3gicos y AD <\/span><\/span><br \/>\n<span style=\"vertical-align: inherit;\"><span style=\"vertical-align: inherit;\">y otros componentes electr\u00f3nicos.<\/span><\/span><\/div>\n<div class=\"magic-15\"><img fetchpriority=\"high\" decoding=\"async\" class=\"alignnone size-full wp-image-2803\" src=\"https:\/\/i0.wp.com\/neweic.com\/wp-content\/uploads\/2023\/03\/ROLL.jpg?resize=913%2C914\" alt=\"\" width=\"913\" height=\"914\" srcset=\"https:\/\/i0.wp.com\/neweic.com\/wp-content\/uploads\/2023\/03\/ROLL.jpg?w=913&amp;ssl=1 913w, https:\/\/i0.wp.com\/neweic.com\/wp-content\/uploads\/2023\/03\/ROLL.jpg?resize=300%2C300&amp;ssl=1 300w, https:\/\/i0.wp.com\/neweic.com\/wp-content\/uploads\/2023\/03\/ROLL.jpg?resize=100%2C100&amp;ssl=1 100w, https:\/\/i0.wp.com\/neweic.com\/wp-content\/uploads\/2023\/03\/ROLL.jpg?resize=600%2C601&amp;ssl=1 600w, https:\/\/i0.wp.com\/neweic.com\/wp-content\/uploads\/2023\/03\/ROLL.jpg?resize=150%2C150&amp;ssl=1 150w, https:\/\/i0.wp.com\/neweic.com\/wp-content\/uploads\/2023\/03\/ROLL.jpg?resize=768%2C769&amp;ssl=1 768w, https:\/\/i0.wp.com\/neweic.com\/wp-content\/uploads\/2023\/03\/ROLL.jpg?resize=512%2C512&amp;ssl=1 512w, https:\/\/i0.wp.com\/neweic.com\/wp-content\/uploads\/2023\/03\/ROLL.jpg?resize=420%2C420&amp;ssl=1 420w, https:\/\/i0.wp.com\/neweic.com\/wp-content\/uploads\/2023\/03\/ROLL.jpg?resize=75%2C75&amp;ssl=1 75w\" sizes=\"(max-width: 913px) 100vw, 913px\" data-recalc-dims=\"1\" \/><img decoding=\"async\" class=\"alignnone size-full wp-image-2804\" src=\"https:\/\/i0.wp.com\/neweic.com\/wp-content\/uploads\/2023\/03\/package.jpg?resize=912%2C912\" alt=\"\" width=\"912\" height=\"912\" srcset=\"https:\/\/i0.wp.com\/neweic.com\/wp-content\/uploads\/2023\/03\/package.jpg?w=912&amp;ssl=1 912w, https:\/\/i0.wp.com\/neweic.com\/wp-content\/uploads\/2023\/03\/package.jpg?resize=300%2C300&amp;ssl=1 300w, https:\/\/i0.wp.com\/neweic.com\/wp-content\/uploads\/2023\/03\/package.jpg?resize=100%2C100&amp;ssl=1 100w, https:\/\/i0.wp.com\/neweic.com\/wp-content\/uploads\/2023\/03\/package.jpg?resize=600%2C600&amp;ssl=1 600w, https:\/\/i0.wp.com\/neweic.com\/wp-content\/uploads\/2023\/03\/package.jpg?resize=150%2C150&amp;ssl=1 150w, https:\/\/i0.wp.com\/neweic.com\/wp-content\/uploads\/2023\/03\/package.jpg?resize=768%2C768&amp;ssl=1 768w, https:\/\/i0.wp.com\/neweic.com\/wp-content\/uploads\/2023\/03\/package.jpg?resize=512%2C512&amp;ssl=1 512w, https:\/\/i0.wp.com\/neweic.com\/wp-content\/uploads\/2023\/03\/package.jpg?resize=420%2C420&amp;ssl=1 420w, https:\/\/i0.wp.com\/neweic.com\/wp-content\/uploads\/2023\/03\/package.jpg?resize=75%2C75&amp;ssl=1 75w\" sizes=\"(max-width: 912px) 100vw, 912px\" data-recalc-dims=\"1\" \/><\/div>\n<\/div>\n<\/div>\n<\/div>\n<\/div>\n<\/div>\n<\/div>\n<div class=\"J_module\">\n<div class=\"icbu-pc-detailManyImage magic-16\">\n<div class=\"magic-17\"><\/div>\n<div class=\"magic-17\"><\/div>\n<\/div>\n<\/div>\n<div class=\"J_module\">\n<div class=\"icbu-pc-images magic-3\">\n<div class=\"flex-layout-v\">\n<div class=\"flex-layout-h magic-3\">\n<div class=\"magic-19\"><img decoding=\"async\" class=\"alignnone size-full wp-image-2805\" src=\"https:\/\/i0.wp.com\/neweic.com\/wp-content\/uploads\/2023\/03\/ic-categories.jpg?resize=750%2C1000\" alt=\"\" width=\"750\" height=\"1000\" data-recalc-dims=\"1\" \/><\/div>\n<\/div>\n<\/div>\n<\/div>\n<\/div>\n<div class=\"J_module\">\n<div class=\"detail-decorate-json-renderer-container\">\n<div class=\"magic-21\">\n<h3 class=\"magic-22\"><span class=\"magic-14\"><span style=\"vertical-align: inherit;\"><span style=\"vertical-align: inherit;\">Sobre nosotros<\/span><\/span><\/span><\/h3>\n<div class=\"magic-23\">\n<div class=\"magic-24\">\n<div class=\"magic-25\"><span style=\"vertical-align: inherit;\"><span style=\"vertical-align: inherit;\">La empresa ha estado involucrada en la industria electr\u00f3nica durante muchos a\u00f1os, con &#8220;honestidad y confianza, calidad primero, precio razonable, entrega r\u00e1pida&#8221;. Con este prop\u00f3sito, se adhiere a &#8220;fuerza s\u00f3lida, recursos suficientes e inventario real&#8221; con su estilo firme y constante. , perfecto sistema de gesti\u00f3n y servicio de alta calidad, ha logrado gran popularidad y credibilidad en la industria electr\u00f3nica, se gan\u00f3 la confianza de los clientes y fue reconocido y afirmado por amigos en la misma industria. \u00a1La empresa est\u00e1 dispuesta a cooperar con amigos de todos los \u00e1mbitos de la vida, beneficio mutuo y crear un futuro mejor!<\/span><\/span><\/div>\n<\/div>\n<\/div>\n<\/div>\n<\/div>\n<\/div>\n<div class=\"J_module\">\n<div class=\"icbu-pc-images magic-3\">\n<div class=\"flex-layout-v\">\n<div class=\"flex-layout-h magic-3\">\n<div class=\"magic-26\"><img loading=\"lazy\" decoding=\"async\" class=\"alignnone wp-image-21560 size-full\" src=\"https:\/\/i0.wp.com\/neweic.com\/wp-content\/uploads\/2024\/02\/2024\u96c6\u4f53\u7167.jpg?resize=1170%2C878\" alt=\"\" width=\"1170\" height=\"878\" srcset=\"https:\/\/i0.wp.com\/neweic.com\/wp-content\/uploads\/2024\/02\/2024\u96c6\u4f53\u7167.jpg?w=1440&amp;ssl=1 1440w, https:\/\/i0.wp.com\/neweic.com\/wp-content\/uploads\/2024\/02\/2024\u96c6\u4f53\u7167.jpg?resize=300%2C225&amp;ssl=1 300w, https:\/\/i0.wp.com\/neweic.com\/wp-content\/uploads\/2024\/02\/2024\u96c6\u4f53\u7167.jpg?resize=1024%2C768&amp;ssl=1 1024w, https:\/\/i0.wp.com\/neweic.com\/wp-content\/uploads\/2024\/02\/2024\u96c6\u4f53\u7167.jpg?resize=768%2C576&amp;ssl=1 768w, https:\/\/i0.wp.com\/neweic.com\/wp-content\/uploads\/2024\/02\/2024\u96c6\u4f53\u7167.jpg?resize=600%2C450&amp;ssl=1 600w\" sizes=\"(max-width: 1170px) 100vw, 1170px\" data-recalc-dims=\"1\" \/><\/div>\n<div><\/div>\n<\/div>\n<\/div>\n<\/div>\n<\/div>\n<div class=\"J_module\">\n<div class=\"detail-decorate-json-renderer-container\">\n<div class=\"magic-21\">\n<h3 class=\"magic-22\"><span class=\"magic-30\"><span style=\"vertical-align: inherit;\"><span style=\"vertical-align: inherit;\">Plano real del almac\u00e9n<\/span><\/span><\/span><\/h3>\n<div class=\"magic-23\">\n<div class=\"magic-24\">\n<div class=\"magic-25\"><span style=\"vertical-align: inherit;\"><span style=\"vertical-align: inherit;\">La empresa cuenta con un gran almacenamiento y un gran inventario, podemos responder a las necesidades del cliente de manera oportuna. <\/span><\/span><br \/>\n<span style=\"vertical-align: inherit;\"><span style=\"vertical-align: inherit;\">Los productos que suministramos incluyen circuito integrado, m\u00f3dulo. Nuestras principales marcas incluyen Texas Instruments, ST, ADI, MICROCHIP,NXP,INFINEON, etc. Tambi\u00e9n esperamos ayudarlo con todas sus necesidades, por lo que tambi\u00e9n podemos brindarle el servicio de paquete BOM; puede enviarnos su lista de materiales.<\/span><\/span><\/div>\n<div><img loading=\"lazy\" decoding=\"async\" class=\"alignnone size-full wp-image-2809\" src=\"https:\/\/i0.wp.com\/neweic.com\/wp-content\/uploads\/2023\/03\/warehouse.jpg?resize=1080%2C739\" alt=\"\" width=\"1080\" height=\"739\" srcset=\"https:\/\/i0.wp.com\/neweic.com\/wp-content\/uploads\/2023\/03\/warehouse.jpg?w=1080&amp;ssl=1 1080w, https:\/\/i0.wp.com\/neweic.com\/wp-content\/uploads\/2023\/03\/warehouse.jpg?resize=600%2C411&amp;ssl=1 600w, https:\/\/i0.wp.com\/neweic.com\/wp-content\/uploads\/2023\/03\/warehouse.jpg?resize=300%2C205&amp;ssl=1 300w, https:\/\/i0.wp.com\/neweic.com\/wp-content\/uploads\/2023\/03\/warehouse.jpg?resize=1024%2C701&amp;ssl=1 1024w, https:\/\/i0.wp.com\/neweic.com\/wp-content\/uploads\/2023\/03\/warehouse.jpg?resize=768%2C526&amp;ssl=1 768w\" sizes=\"(max-width: 1080px) 100vw, 1080px\" data-recalc-dims=\"1\" \/><\/div>\n<\/div>\n<\/div>\n<\/div>\n<\/div>\n<\/div>\n<div class=\"J_module\">\n<div class=\"icbu-pc-images magic-3\">\n<div class=\"flex-layout-v\">\n<div class=\"flex-layout-h magic-3\">\n<div class=\"magic-31\"><\/div>\n<\/div>\n<\/div>\n<\/div>\n<\/div>\n<div class=\"J_module\">\n<div class=\"detail-decorate-json-renderer-container\">\n<div class=\"magic-21\">\n<h3 class=\"magic-22\"><span class=\"magic-14\"><span style=\"vertical-align: inherit;\"><span style=\"vertical-align: inherit;\">Asiste a la exposici\u00f3n<\/span><\/span><\/span><\/h3>\n<div class=\"magic-23\">\n<div class=\"magic-24\">\n<div class=\"magic-25\"><span style=\"vertical-align: inherit;\"><span style=\"vertical-align: inherit;\">Para conectarnos mejor con amigos internacionales, nuestra empresa participa activamente en exposiciones electr\u00f3nicas en todo el <\/span><\/span><br \/>\n<span style=\"vertical-align: inherit;\"><span style=\"vertical-align: inherit;\">mundo. En la actualidad, la empresa ha iniciado la cooperaci\u00f3n con miles de empresas extranjeras y sus productos se venden ampliamente en el extranjero. Y todos nuestros productos han obtenido elogios un\u00e1nimes de amigos extranjeros. Esperamos trabajar de la mano con m\u00e1s amigos extranjeros para crear un futuro brillante.<\/span><\/span><\/div>\n<\/div>\n<\/div>\n<\/div>\n<\/div>\n<\/div>\n<div class=\"J_module\">\n<div class=\"icbu-pc-images magic-3\">\n<div class=\"flex-layout-v\">\n<div class=\"flex-layout-h magic-3\">\n<div class=\"magic-33\"><img loading=\"lazy\" decoding=\"async\" class=\"alignnone wp-image-2810\" src=\"https:\/\/i0.wp.com\/neweic.com\/wp-content\/uploads\/2023\/03\/EXPO.jpg?resize=878%2C540\" alt=\"\" width=\"878\" height=\"540\" srcset=\"https:\/\/i0.wp.com\/neweic.com\/wp-content\/uploads\/2023\/03\/EXPO.jpg?w=800&amp;ssl=1 800w, https:\/\/i0.wp.com\/neweic.com\/wp-content\/uploads\/2023\/03\/EXPO.jpg?resize=600%2C369&amp;ssl=1 600w, https:\/\/i0.wp.com\/neweic.com\/wp-content\/uploads\/2023\/03\/EXPO.jpg?resize=300%2C185&amp;ssl=1 300w, https:\/\/i0.wp.com\/neweic.com\/wp-content\/uploads\/2023\/03\/EXPO.jpg?resize=768%2C472&amp;ssl=1 768w\" sizes=\"(max-width: 878px) 100vw, 878px\" data-recalc-dims=\"1\" \/><\/div>\n<\/div>\n<\/div>\n<\/div>\n<\/div>\n<div class=\"J_module\">\n<div class=\"detail-decorate-json-renderer-container\">\n<div class=\"magic-21\">\n<h3 class=\"magic-22\"><span class=\"magic-30\"><span style=\"vertical-align: inherit;\"><span style=\"vertical-align: inherit;\">Descripci\u00f3n general de la f\u00e1brica<\/span><\/span><\/span><\/h3>\n<div class=\"magic-23\">\n<div class=\"magic-24\">\n<div class=\"magic-25\"><span style=\"vertical-align: inherit;\"><span style=\"vertical-align: inherit;\">El equipo principal de la l\u00ednea de producci\u00f3n SMT: imprenta, m\u00e1quina de montaje (componentes electr\u00f3nicos de la superficie superior), soldadura por reflujo, complementos, horno de ondas, embalaje de prueba.<\/span><\/span><\/div>\n<\/div>\n<\/div>\n<\/div>\n<\/div>\n<\/div>\n<div class=\"J_module\">\n<div class=\"icbu-pc-images magic-3\">\n<div class=\"flex-layout-v\">\n<div class=\"flex-layout-h magic-3\">\n<div class=\"magic-35\"><img loading=\"lazy\" decoding=\"async\" class=\"alignnone wp-image-2811\" src=\"https:\/\/i0.wp.com\/neweic.com\/wp-content\/uploads\/2023\/03\/factory-overview.jpg?resize=879%2C577\" alt=\"\" width=\"879\" height=\"577\" srcset=\"https:\/\/i0.wp.com\/neweic.com\/wp-content\/uploads\/2023\/03\/factory-overview.jpg?w=756&amp;ssl=1 756w, https:\/\/i0.wp.com\/neweic.com\/wp-content\/uploads\/2023\/03\/factory-overview.jpg?resize=600%2C394&amp;ssl=1 600w, https:\/\/i0.wp.com\/neweic.com\/wp-content\/uploads\/2023\/03\/factory-overview.jpg?resize=300%2C197&amp;ssl=1 300w\" sizes=\"(max-width: 879px) 100vw, 879px\" data-recalc-dims=\"1\" \/><\/div>\n<div><img loading=\"lazy\" decoding=\"async\" class=\"alignnone wp-image-2808\" src=\"https:\/\/i0.wp.com\/neweic.com\/wp-content\/uploads\/2023\/03\/factory.jpg?resize=880%2C584\" alt=\"\" width=\"880\" height=\"584\" srcset=\"https:\/\/i0.wp.com\/neweic.com\/wp-content\/uploads\/2023\/03\/factory.jpg?w=768&amp;ssl=1 768w, https:\/\/i0.wp.com\/neweic.com\/wp-content\/uploads\/2023\/03\/factory.jpg?resize=600%2C398&amp;ssl=1 600w, https:\/\/i0.wp.com\/neweic.com\/wp-content\/uploads\/2023\/03\/factory.jpg?resize=300%2C199&amp;ssl=1 300w\" sizes=\"(max-width: 880px) 100vw, 880px\" data-recalc-dims=\"1\" \/><\/div>\n<\/div>\n<\/div>\n<\/div>\n<\/div>\n<div class=\"J_module\">\n<div class=\"detail-decorate-json-renderer-container\">\n<div class=\"magic-21\">\n<h3 class=\"magic-22\"><span class=\"magic-30\"><span style=\"vertical-align: inherit;\"><span style=\"vertical-align: inherit;\">Sobre el transporte<\/span><\/span><\/span><\/h3>\n<div class=\"magic-23\">\n<div class=\"magic-24\">\n<div class=\"magic-25\"><span style=\"vertical-align: inherit;\"><span style=\"vertical-align: inherit;\">Para garantizar mejor la seguridad de sus productos, se brindar\u00e1n servicios de embalaje profesionales, respetuosos con el medio ambiente, convenientes y eficientes.<\/span><\/span><\/div>\n<\/div>\n<\/div>\n<\/div>\n<\/div>\n<\/div>\n<div class=\"J_module\">\n<div class=\"icbu-pc-images magic-3\">\n<div class=\"flex-layout-v\">\n<div class=\"flex-layout-h magic-3\">\n<div class=\"magic-37\"><img loading=\"lazy\" decoding=\"async\" class=\"alignnone wp-image-2812\" src=\"https:\/\/i0.wp.com\/neweic.com\/wp-content\/uploads\/2023\/03\/delivery.jpg?resize=890%2C503\" alt=\"\" width=\"890\" height=\"503\" srcset=\"https:\/\/i0.wp.com\/neweic.com\/wp-content\/uploads\/2023\/03\/delivery.jpg?w=768&amp;ssl=1 768w, https:\/\/i0.wp.com\/neweic.com\/wp-content\/uploads\/2023\/03\/delivery.jpg?resize=600%2C339&amp;ssl=1 600w, https:\/\/i0.wp.com\/neweic.com\/wp-content\/uploads\/2023\/03\/delivery.jpg?resize=300%2C170&amp;ssl=1 300w\" sizes=\"(max-width: 890px) 100vw, 890px\" data-recalc-dims=\"1\" \/><\/div>\n<\/div>\n<\/div>\n<\/div>\n<\/div>\n<div class=\"J_module\">\n<div class=\"detail-decorate-json-renderer-container\">\n<div class=\"magic-21\">\n<h3 class=\"magic-22\"><span class=\"magic-30\"><span style=\"vertical-align: inherit;\"><span style=\"vertical-align: inherit;\">Socio de marca<\/span><\/span><\/span><\/h3>\n<div class=\"magic-23\">\n<div class=\"magic-24\">\n<div class=\"magic-25\"><span style=\"vertical-align: inherit;\"><span style=\"vertical-align: inherit;\">Tenemos relaciones a largo plazo cooperando con fabricantes gigantes de circuitos integrados de reputaci\u00f3n mundial y marcas de distribuci\u00f3n que incluyen Texas Instruments, NXP, Infineon, ON Semiconductor, ST, Maxim, Diodes, UTC, Samsung y otros.<\/span><\/span><\/div>\n<div><img loading=\"lazy\" decoding=\"async\" class=\"alignnone size-full wp-image-2813\" src=\"https:\/\/i0.wp.com\/neweic.com\/wp-content\/uploads\/2023\/03\/contact.jpg?resize=1064%2C640\" alt=\"\" width=\"1064\" height=\"640\" srcset=\"https:\/\/i0.wp.com\/neweic.com\/wp-content\/uploads\/2023\/03\/contact.jpg?w=1064&amp;ssl=1 1064w, https:\/\/i0.wp.com\/neweic.com\/wp-content\/uploads\/2023\/03\/contact.jpg?resize=600%2C361&amp;ssl=1 600w, https:\/\/i0.wp.com\/neweic.com\/wp-content\/uploads\/2023\/03\/contact.jpg?resize=300%2C180&amp;ssl=1 300w, https:\/\/i0.wp.com\/neweic.com\/wp-content\/uploads\/2023\/03\/contact.jpg?resize=1024%2C616&amp;ssl=1 1024w, https:\/\/i0.wp.com\/neweic.com\/wp-content\/uploads\/2023\/03\/contact.jpg?resize=768%2C462&amp;ssl=1 768w\" sizes=\"(max-width: 1064px) 100vw, 1064px\" data-recalc-dims=\"1\" \/><\/div>\n<\/div>\n<\/div>\n<\/div>\n<\/div>\n<\/div>\n<div class=\"J_module\">\n<div class=\"icbu-pc-images magic-3\">\n<div>\n<div class=\"flex-layout-v\">\n<div class=\"flex-layout-h magic-3\">\n<div class=\"magic-39\"><\/div>\n<\/div>\n<\/div>\n<\/div>\n<\/div>\n<\/div>\n<div class=\"J_module\">\n<div class=\"detail-decorate-json-renderer-container\">\n<div class=\"magic-21\">\n<h3 class=\"magic-22\"><span class=\"magic-30\"><span style=\"vertical-align: inherit;\"><span style=\"vertical-align: inherit;\">Servicios que ofrecemos<\/span><\/span><\/span><\/h3>\n<div class=\"magic-23\">\n<div class=\"magic-24\">\n<div class=\"magic-25\"><span style=\"vertical-align: inherit;\"><span style=\"vertical-align: inherit;\">-Gesti\u00f3n eficiente del suministro <\/span><\/span><br \/>\n<span style=\"vertical-align: inherit;\"><span style=\"vertical-align: inherit;\">-Procesos de inspecci\u00f3n entrante y saliente extremadamente exhaustivos <\/span><\/span><br \/>\n<span style=\"vertical-align: inherit;\"><span style=\"vertical-align: inherit;\">-Abastecimiento y entrega r\u00e1pidos <\/span><\/span><br \/>\n<span style=\"vertical-align: inherit;\"><span style=\"vertical-align: inherit;\">-Adquisiciones que ahorran costos <\/span><\/span><br \/>\n<span style=\"vertical-align: inherit;\"><span style=\"vertical-align: inherit;\">-Orientado a la calidad. <\/span><\/span><br \/>\n<span style=\"vertical-align: inherit;\"><span style=\"vertical-align: inherit;\">&#8211;Riguroso control de calidad <\/span><\/span><br \/>\n<span style=\"vertical-align: inherit;\"><span style=\"vertical-align: inherit;\">&#8211;Cada n\u00famero de pieza que enviamos ha sido inspeccionado minuciosamente antes del env\u00edo<\/span><\/span><\/div>\n<div><\/div>\n<\/div>\n<\/div>\n<\/div>\n<\/div>\n<\/div>\n<div class=\"J_module\">\n<div id=\"ali-anchor-AliMagic-tu1e3z\" class=\"magic-41\" data-section=\"AliMagic-tu1e3z\" data-section-title=\"FAQ\"><span style=\"vertical-align: inherit;\"><span style=\"vertical-align: inherit;\">Preguntas m\u00e1s frecuentes<\/span><\/span><\/div>\n<\/div>\n<div class=\"J_module\">\n<div class=\"detail-decorate-json-renderer-container\">\n<div class=\"magic-21\">\n<div class=\"magic-23\">\n<div class=\"magic-24\">\n<div class=\"magic-25\"><b><span style=\"vertical-align: inherit;\"><span style=\"vertical-align: inherit;\">P: \u00bfQui\u00e9n eres?<\/span><\/span><\/b><span style=\"vertical-align: inherit;\"><span style=\"vertical-align: inherit;\"> R: Somos un proveedor profesional de componentes electr\u00f3nicos de China. Se dedica principalmente a circuitos integrados originales nuevos.<\/span><\/span><\/div>\n<div class=\"magic-25\"><b><span style=\"vertical-align: inherit;\"><span style=\"vertical-align: inherit;\">P: \u00bfC\u00f3mo puedo obtener muestras?<\/span><\/span><\/b><span style=\"vertical-align: inherit;\"><span style=\"vertical-align: inherit;\"> R: Debido a que la mayor\u00eda de nuestros productos son los m\u00e1s vendidos, comun\u00edquese con nuestro departamento de ventas para obtener muestras.<\/span><\/span><\/div>\n<div class=\"magic-25\"><b><span style=\"vertical-align: inherit;\"><span style=\"vertical-align: inherit;\">P: \u00bfCu\u00e1l es su plazo de entrega?<\/span><\/span><\/b><span style=\"vertical-align: inherit;\"><span style=\"vertical-align: inherit;\"> R: Normalmente, el producto se enviar\u00e1 dentro de los 3 d\u00edas posteriores a la confirmaci\u00f3n del pago. Los detalles se pueden comunicar con nosotros por correo electr\u00f3nico.<\/span><\/span><\/div>\n<div class=\"magic-25\"><b><span style=\"vertical-align: inherit;\"><span style=\"vertical-align: inherit;\">P: \u00bfCu\u00e1l es su garant\u00eda?<\/span><\/span><\/b><span style=\"vertical-align: inherit;\"><span style=\"vertical-align: inherit;\"> R: proporcionamos una garant\u00eda de 60 a 90 d\u00edas para nuestro producto, el tiempo de garant\u00eda depende del modelo del producto. Nuestros productos ser\u00e1n 100% probados antes de su env\u00edo. Si el art\u00edculo tiene defectos, notif\u00edquenos dentro de los 5 d\u00edas posteriores a la recepci\u00f3n. Cualquier art\u00edculo debe devolverse tal cual para poder calificar para un reembolso o pago.<\/span><\/span><\/div>\n<div class=\"magic-25\"><b><span style=\"vertical-align: inherit;\"><span style=\"vertical-align: inherit;\">P. \u00bfC\u00f3mo pago el pedido?<\/span><\/span><\/b><span style=\"vertical-align: inherit;\"><span style=\"vertical-align: inherit;\"> R: Aceptamos transferencia bancaria, Western Union, Pay Pal, Money Gram, dep\u00f3sito en garant\u00eda (si prefiere otros m\u00e9todos de pago, cont\u00e1ctenos)<\/span><\/span><\/div>\n<div class=\"magic-25\"><b><span style=\"vertical-align: inherit;\"><span style=\"vertical-align: inherit;\">P: \u00bfQu\u00e9 tipo de forma de env\u00edo?<\/span><\/span><\/b><span style=\"vertical-align: inherit;\"><span style=\"vertical-align: inherit;\"> R: Se acepta DHL\/FedEx\/UPS\/EMS. El pedido grande se enviar\u00e1 por mar.<\/span><\/span><\/div>\n<\/div>\n<\/div>\n<\/div>\n<\/div>\n<\/div>\n","protected":false},"excerpt":{"rendered":"<p>Categor\u00eda circuito integrado Estado del producto E&hellip; <\/p>\n","protected":false},"featured_media":2802,"template":"","meta":{"jetpack_post_was_ever_published":false,"jetpack_publicize_message":"","jetpack_is_tweetstorm":false,"jetpack_publicize_feature_enabled":true,"jetpack_social_post_already_shared":false,"jetpack_social_options":{"image_generator_settings":{"template":"highway","enabled":false}}},"product_brand":[],"product_cat":[60,116],"product_tag":[177,133],"class_list":{"0":"post-2775","1":"product","2":"type-product","3":"status-publish","4":"has-post-thumbnail","6":"product_cat-toshiba","7":"product_cat-transistor","8":"product_tag-toshiba","9":"product_tag-transistor","11":"first","12":"instock","13":"sale","14":"featured","15":"shipping-taxable","16":"purchasable","17":"product-type-simple"},"jetpack_publicize_connections":[],"jetpack_sharing_enabled":true,"_links":{"self":[{"href":"https:\/\/neweic.com\/index.php\/wp-json\/wp\/v2\/product\/2775","targetHints":{"allow":["GET"]}}],"collection":[{"href":"https:\/\/neweic.com\/index.php\/wp-json\/wp\/v2\/product"}],"about":[{"href":"https:\/\/neweic.com\/index.php\/wp-json\/wp\/v2\/types\/product"}],"wp:featuredmedia":[{"embeddable":true,"href":"https:\/\/neweic.com\/index.php\/wp-json\/wp\/v2\/media\/2802"}],"wp:attachment":[{"href":"https:\/\/neweic.com\/index.php\/wp-json\/wp\/v2\/media?parent=2775"}],"wp:term":[{"taxonomy":"product_brand","embeddable":true,"href":"https:\/\/neweic.com\/index.php\/wp-json\/wp\/v2\/product_brand?post=2775"},{"taxonomy":"product_cat","embeddable":true,"href":"https:\/\/neweic.com\/index.php\/wp-json\/wp\/v2\/product_cat?post=2775"},{"taxonomy":"product_tag","embeddable":true,"href":"https:\/\/neweic.com\/index.php\/wp-json\/wp\/v2\/product_tag?post=2775"}],"curies":[{"name":"wp","href":"https:\/\/api.w.org\/{rel}","templated":true}]}}